{"id":15037,"date":"2024-03-30T14:45:38","date_gmt":"2024-03-30T13:45:38","guid":{"rendered":"http:\/\/va.simair.pl\/?page_id=15037"},"modified":"2024-11-21T17:56:36","modified_gmt":"2024-11-21T16:56:36","slug":"regulamin","status":"publish","type":"page","link":"https:\/\/va.simair.pl\/en\/o-nas\/regulamin\/","title":{"rendered":"Regulamin"},"content":{"rendered":"<div data-elementor-type=\"wp-page\" data-elementor-id=\"15037\" class=\"elementor elementor-15037\">\n\t\t\t\t<div class=\"elementor-element elementor-element-3bab774 e-flex e-con-boxed e-con e-parent\" data-id=\"3bab774\" data-element_type=\"container\" data-core-v316-plus=\"true\">\n\t\t\t\t\t<div class=\"e-con-inner\">\n\t\t\t\t<div class=\"elementor-element elementor-element-82d42db h2-baslik-anasayfa-ozel btw wow fadeInRight elementor-widget elementor-widget-heading\" data-id=\"82d42db\" data-element_type=\"widget\" data-widget_type=\"heading.default\">\n\t\t\t\t<div class=\"elementor-widget-container\">\n\t\t\t<style>\/*! elementor - v3.20.0 - 26-03-2024 *\/\n.elementor-heading-title{padding:0;margin:0;line-height:1}.elementor-widget-heading .elementor-heading-title[class*=elementor-size-]>a{color:inherit;font-size:inherit;line-height:inherit}.elementor-widget-heading .elementor-heading-title.elementor-size-small{font-size:15px}.elementor-widget-heading .elementor-heading-title.elementor-size-medium{font-size:19px}.elementor-widget-heading .elementor-heading-title.elementor-size-large{font-size:29px}.elementor-widget-heading .elementor-heading-title.elementor-size-xl{font-size:39px}.elementor-widget-heading .elementor-heading-title.elementor-size-xxl{font-size:59px}<\/style><h2 class=\"elementor-heading-title elementor-size-default\">Regulamin Simair Virtual Airline<\/h2>\t\t<\/div>\n\t\t\t\t<\/div>\n\t\t\t\t\t<\/div>\n\t\t\t\t<\/div>\n\t\t<div class=\"elementor-element elementor-element-24bec08d e-flex e-con-boxed e-con e-parent\" data-id=\"24bec08d\" data-element_type=\"container\" data-core-v316-plus=\"true\">\n\t\t\t\t\t<div class=\"e-con-inner\">\n\t\t\t\t<div class=\"elementor-element elementor-element-3238483a elementor-widget elementor-widget-text-editor\" data-id=\"3238483a\" data-element_type=\"widget\" data-widget_type=\"text-editor.default\">\n\t\t\t\t<div class=\"elementor-widget-container\">\n\t\t\t<style>\/*! elementor - v3.20.0 - 26-03-2024 *\/\n.elementor-widget-text-editor.elementor-drop-cap-view-stacked .elementor-drop-cap{background-color:#69727d;color:#fff}.elementor-widget-text-editor.elementor-drop-cap-view-framed .elementor-drop-cap{color:#69727d;border:3px solid;background-color:transparent}.elementor-widget-text-editor:not(.elementor-drop-cap-view-default) .elementor-drop-cap{margin-top:8px}.elementor-widget-text-editor:not(.elementor-drop-cap-view-default) .elementor-drop-cap-letter{width:1em;height:1em}.elementor-widget-text-editor .elementor-drop-cap{float:left;text-align:center;line-height:1;font-size:50px}.elementor-widget-text-editor .elementor-drop-cap-letter{display:inline-block}<\/style>\t\t\t\t\t\t\t\t\t\t<\/div>\n\t\t\t\t<\/div>\n\t\t\t\t<div class=\"elementor-element elementor-element-816896a elementor-widget elementor-widget-text-editor\" data-id=\"816896a\" data-element_type=\"widget\" data-widget_type=\"text-editor.default\">\n\t\t\t\t<div class=\"elementor-widget-container\">\n\t\t\t\t\t\t\t<p style=\"text-align: center;\"><b>\u00a7 1 Informacje og\u00f3lne<\/b><\/p><ol><li>Wy\u0142\u0105cznym w\u0142a\u015bcicielem serwisu internetowego &#8222;va.simair.pl&#8221; oraz marki &#8222;Simair Virtual Airline&#8221; jest Centrum Symulator\u00f3w Lotniczych &#8222;Simair Sp. z o.o.&#8221;, ul. Ta\u015bmowa 8 \/ U3, 02-677 Warszawa.<\/li><li>Niniejszy regulamin okre\u015bla zasady funkcjonowania Simair Virtual Airline zwan\u0105 dalej &#8222;SVA&#8221; lub &#8222;lini\u0105&#8221;.<\/li><li>Simair Virtual Airline jest wirtualn\u0105 lini\u0105 lotnicz\u0105 dzia\u0142aj\u0105c\u0105 w ramach sieci VATSIM (Virtual Air Traffic Simulation Network), IVAO (International Virtual Aviation Organisation) oraz w ramach funkcjonowania Simair Sp. z o.o.<\/li><li>Dzia\u0142alno\u015bci\u0105 Simair Virtual Airline kieruje Zarz\u0105d Simair Sp. z o.o., ul. Ta\u015bmowa 8 \/ U3, 02-677 Warszawa<\/li><li>Podstawowym i wymaganym przez SVA oprogramowaniem do rejestracji lot\u00f3w jest system &#8222;Newsky&#8221;.<\/li><\/ol><p style=\"text-align: center;\"><b>\u00a7 2 Zasady rekrutacji oraz wymagania dla kandydat\u00f3w na pilot\u00f3w<\/b><\/p><ol><li>Kandydat na pilota SVA musi spe\u0142nia\u0107 nast\u0119puj\u0105ce, minimalne wymagania aby ubiega\u0107 si\u0119 o cz\u0142onkostwo w linii:<br \/>a) Aktywne konto w jednej z wirtualnych sieci: VATSIM i\/lub IVAO.<br \/>b) Wiek co najmniej 13 lat w momencie ubiegania si\u0119 o cz\u0142onkostwo w SVA.<br \/>c) Wiedz\u0119 na poziomie umo\u017cliwiaj\u0105cym wykonywanie bezpiecznych lot\u00f3w flot\u0105 SVA zgodnie z obowi\u0105zuj\u0105cymi zasadami w sieciach VATSIM i\/lub IVAO.<br \/>d) Znajomo\u015b\u0107 j\u0119zyka angielskiego na poziomie umo\u017cliwiaj\u0105cym swobodn\u0105 komunikacj\u0119 z kontrol\u0105 ruchu lotniczego w sieci VATSIM i\/lub IVAO.<\/li><li>Kandydat na pilota SVA po spe\u0142nieniu wymaga\u0144 SVA opisanych w \u00a72 art. 1, zobowi\u0105zany jest do wype\u0142nienia formularza zg\u0142oszeniowego znajduj\u0105cego si\u0119 pod adresem: <a href=\"https:\/\/va.simair.pl\/en\/dolacz-do-nas\/\" target=\"_blank\" rel=\"noopener\">va.simair.pl\/dolacz-do-nas\/<\/a> a nast\u0119pnie rozwi\u0105zania podstawowego egzaminu z zakresu wiedzy dotycz\u0105cej wykonywania operacji lotniczych.<\/li><li>Pozytywny wynik egzaminu opisanego w \u00a72 art. 2 nadaje kandydatowi promes\u0119 do rejestracji konta w systemie rejestracji lot\u00f3w &#8222;NewSky&#8221;, wykorzystywanym przez SVA.<\/li><li>Po poprawnej rejestracji opisanej w \u00a72 art. 3, kandydat otrzymuje unikalny numer pilota i stopie\u0144 &#8222;Kadet&#8221; uprawniaj\u0105cy go wykonywania lot\u00f3w w SVA w ograniczonym zakresie. Pe\u0142noprawnym cz\u0142onkiem SVA pilot staje si\u0119 po spe\u0142nieniu warunk\u00f3w opisanych w \u00a74 art. 2.<\/li><li>Negatywny wynik egzaminu opisanego w \u00a72 art. 2 pozwala kandydatowi na z\u0142o\u017cenie kolejnej aplikacji do SVA po up\u0142yni\u0119ciu co najmniej 24-godzinnej karencji. Aplikacja z\u0142o\u017cona przed up\u0142yni\u0119ciem wy\u017cej wymienionego terminu zostanie automatycznie odrzucona.<\/li><\/ol><p style=\"text-align: center;\"><b>\u00a7 3 Zasady wykonywania lot\u00f3w<\/b><\/p><ol><li>Ka\u017cdy z pilot\u00f3w SVA zobowi\u0105zany jest do wykonywania lot\u00f3w zgodnie z obowi\u0105zuj\u0105cym regulaminem SVA oraz sieci VATSIM i\/lub IVAO je\u015bli jest to lot &#8222;on-line&#8221;.<\/li><li>Simair Virtual Airline do rejestracji parametr\u00f3w wykonywanych lot\u00f3w wykorzystuje system NewSky, kt\u00f3rego posiadanie jest obowi\u0105zkowe przez ka\u017cdego z pilot\u00f3w.<\/li><li>Przed odbyciem lotu w ramach SVA, pilot zobowi\u0105zany jest do zarezerwowania lotu w systemie NewSky i dokonania odprawy (briefingu) na podstawie wbudowanego w tym\u017ce systemie oprogramowania &#8222;SimBrief&#8221;.<\/li><li>Pilot zobowi\u0105zany jest do w\u0142\u0105czenia rejestracji parametr\u00f3w lotu najp\u00f3\u017aniej przed zwolnieniem hamulca parkingowego na lotnisku odlotu i do wy\u0142\u0105czenia rejestracji najwcze\u015bniej po zaci\u0105gni\u0119ciu hamulca parkingowego na lotnisku docelowym.<\/li><li>Pilot SVA mo\u017ce wykonywa\u0107 loty &#8222;on-line&#8221; w sieciach VATSIM i\/lub IVAO lub &#8222;off-line&#8221;. Ka\u017cdorazowo jednak wymagana jest rejestracja parametr\u00f3w lotu w systemie &#8222;NewSky&#8221;.<\/li><li>Warunkiem uznania lotu za prawid\u0142owo wykonany w sieciach VATSIM i\/lub IVAO jest:<br \/>a) Poprawne z\u0142o\u017cenie planu lotu<br \/>b) Wpisanie w sekcji informacji dodatkowych &#8222;remarks&#8221; fraz: &#8222;OPR\/ va.simair.pl&#8221; oraz znak\u00f3w rejestracyjnych statku powietrznego np: &#8222;REG\/SPSNA&#8221;.<\/li><li>Piloci SVA zobowi\u0105zani s\u0105 do wykonywania lot\u00f3w zgodnie z posiadan\u0105 rang\u0105 i dost\u0119pn\u0105 flot\u0105. Szczeg\u00f3\u0142owe informacj\u0119 dotycz\u0105ce przypisanej floty znajduj\u0105 si\u0119 w wewn\u0119trznych dokumentach, dost\u0119pnych dla pilot\u00f3w SVA.<\/li><\/ol><p style=\"text-align: center;\"><b>\u00a7 4 Awanse i degradacje<\/b><\/p><ol><li>Pilotowi SVA nadawana jest ranga w zale\u017cno\u015bci od spe\u0142nienia nast\u0119puj\u0105cych wymaga\u0144 godzinowych i egzaminacyjnych:<br \/>a) Kadet (CDT): 0h<br \/>b) Pierwszy Oficer (FO):\u00a0 nalot w SVA co najmniej 31h i co najmniej 15 wykonanych lot\u00f3w SVA.<br \/>c) Starszy Pierwszy Oficer (SFO): nalot w SVA co najmniej 201h i co najmniej 100 wykonanych lot\u00f3w dla SVA.<br \/>d) Kapitan (CPT): nalot w SVA co najmniej 501h i co najmniej 250 wykonanych lot\u00f3w dla SVA. Uzyskanie rangi Kapitan wymaga zaliczenia wewn\u0119trznego egzaminu.<br \/>e) Instruktor (INS): nalot w SVA co najmniej 1000 h i co najmniej 500 wykonanych lot\u00f3w dla SVA. Uzyskanie rangi Instruktor wymaga zaliczenia wewn\u0119trznego egzaminu.<\/li><li>Pilot staje si\u0119 pe\u0142noprawnym cz\u0142onkiem Simair Virtual Airline po osi\u0105gni\u0119ciu co najmniej rangi Pierwszego Oficera (FO) i przys\u0142uguj\u0105 mu od tego momentu wszystkie przywileje zwi\u0105zane z Simair &#8211; Flight Simulation Center.<\/li><li>Zarz\u0105d Simair Sp. z o.o. zastrzega sobie mo\u017cliwo\u015b\u0107 podniesienia rangi pilota z uwagi na inne, zaistnia\u0142e okoliczno\u015bci w dowolnym momencie.<\/li><li>Skrajne naruszanie zasad niniejszego regulaminu i\/lub obowi\u0105zuj\u0105cych zasad lot\u00f3w w sieciach VATSIM i\/lub IVAO mo\u017ce skutkowa\u0107 degradacj\u0105 rangi pilota, zobowi\u0105zaniem do zaliczenia egzamin\u00f3w sprawdzaj\u0105cych posiadan\u0105 wiedz\u0119 i\/lub w skrajnych przypadkach do skre\u015blenia pilot\u00f3w z grona cz\u0142onk\u00f3w Simair Virtual Airline.<\/li><\/ol><p style=\"text-align: center;\"><b>\u00a7 5 Pakiet przywilej\u00f3w i korzy\u015bci<\/b><\/p><ol><li>Simair Virtual Airline wsp\u00f3\u0142pracuje \u015bci\u015ble z Simair &#8211; Flight Simulation Center z siedzib\u0105 w Warszawie, ul. Ta\u015bmowa 8 \/ U3, kt\u00f3ry to zapewnia pakiet przywilej\u00f3w i korzy\u015bci dla pilot\u00f3w Simair Virtual Airline.<\/li><li>Pakiet przywilej\u00f3w ofertowanych przez Simair &#8211; Flight Simulation Center dotyczy pe\u0142noprawnych pilot\u00f3w z rang\u0105 co najmniej &#8222;Pierwszy Oficer&#8221;, zgodnie z wymaganiami opisanymi w \u00a74 art. 1.<\/li><li>Pe\u0142noprawny pilot SVA otrzymuje sta\u0142\u0105 zni\u017ck\u0119 na vouchery prezentowe oraz sesje na symulatorach samolot\u00f3w oferowanych przez Simair &#8211; Flight Simulation Center w przedzia\u0142ach od 5% do 15%. Warto\u015b\u0107 zni\u017cki uzale\u017cniona jest od spe\u0142nienia wymaga\u0144 opisanych w odr\u0119bnym regulaminie przywilej\u00f3w i korzy\u015bci dost\u0119pnym tylko dla pilot\u00f3w SVA, przy czym minimalna, sta\u0142a zni\u017cka dla ka\u017cdego pe\u0142noprawnego pilota wynosi co najmniej 5%.<\/li><li>Ka\u017cdy z pilot\u00f3w SVA niezale\u017cnie od rangi, otrzymuje okre\u015blon\u0105 liczb\u0119 punkt\u00f3w lojalno\u015bciowych &#8222;sim-miles&#8221; za ka\u017cdy prawid\u0142owo wykonany lot dla SVA, kt\u00f3re nast\u0119pnie mo\u017ce zamieni\u0107 na jeden z voucher\u00f3w \/ sesje symulatorowe w Simair &#8211; Flight Simulation Center. Szczeg\u00f3\u0142owy przelicznik punkt\u00f3w na nagrody okre\u015bla odr\u0119bny regulamin przywilej\u00f3w i korzy\u015bci dost\u0119pny tylko dla pilot\u00f3w SVA.<\/li><li>Pilotom SVA przys\u0142uguje prawo do bezp\u0142atnego \/ p\u0142atnego uczestnictwa (w zale\u017cno\u015bci od rodzaju) w szkoleniach organizowanych przez Simair &#8211; Flight Simulation Center.<\/li><li>Zarz\u0105d Simair Sp. z o.o. zastrzega sobie prawo do wynagradzania poszczeg\u00f3lnych pilot\u00f3w SVA za szczeg\u00f3lne osi\u0105gni\u0119cia na rzecz rozwoju Simair Virtual Airline i\/lub Simair &#8211; Flight Simulation Center.<\/li><\/ol><p style=\"text-align: center;\"><b>\u00a7 6 Prawa i obowi\u0105zki pilot\u00f3w<\/b><\/p><ol><li>Ka\u017cdy z pilot\u00f3w SVA zobowi\u0105zany jest do godnego reprezentowania dobrego imienia linii.<\/li><li>Pilot zobowi\u0105zany jest do wykonania minimum 2 lot\u00f3w dla SVA w miesi\u0105cu kalendarzowym.<\/li><li>Niespe\u0142nienie obowi\u0105zku opisanego w \u00a76 art. 2 skutkuje tymczasowym zawieszeniem pilota do czasu wykonania ponownego lotu i zawieszenie pakietu przywilej\u00f3w i korzy\u015bci.<\/li><li>Ka\u017cdemu z pilot\u00f3w SVA przys\u0142uguje prawo do uzasadnionego odst\u0119pstwa od obowi\u0105zku opisanego w \u00a76 art. 2, po z\u0142o\u017ceniu o\u015bwiadczenia drog\u0105 mailow\u0105 na adres: va@simair.pl.<\/li><\/ol><p style=\"text-align: center;\"><b>\u00a7 7 Pozosta\u0142e ustalenia<\/b><\/p><ol><li>Oficjalny kana\u0142 wewn\u0119trznej komunikacji dla wszystkich pilot\u00f3w SVA zosta\u0142 udost\u0119pniony na platformie &#8222;Discord&#8221;.<\/li><li>Obs\u0142uga pyta\u0144, w\u0105tpliwo\u015bci czy zastrze\u017ce\u0144 dost\u0119pna jest 7 dni w tygodniu od 10:00 do 22:00 drogami:<br \/>a) mailow\u0105: va@simair.pl<br \/>b) komunikatorem &#8222;Discord&#8221;<br \/>c) telefonicznie: +48 (22) 699 08 04.<\/li><li>Zarz\u0105d Simair Sp. z o.o. zastrzega sobie prawo do zmiany niniejszego regulaminu i zapewni odpowiedni okres na zapoznanie si\u0119 ze zmianami przez pilot\u00f3w SVA.<\/li><li>Zaistnienie sytuacji nieopisanych w niniejszym regulaminie, rozwi\u0105zywane b\u0119dzie przez zarz\u0105d Simair Sp. z o.o.<\/li><\/ol>\t\t\t\t\t\t<\/div>\n\t\t\t\t<\/div>\n\t\t\t\t\t<\/div>\n\t\t\t\t<\/div>\n\t\t\t\t<\/div>","protected":false},"excerpt":{"rendered":"<p>Regulamin Simair Virtual Airline \u00a7 1 Informacje og\u00f3lne Wy\u0142\u0105cznym w\u0142a\u015bcicielem serwisu internetowego &#8222;va.simair.pl&#8221; oraz marki &#8222;Simair Virtual Airline&#8221; jest Centrum [&hellip;]<\/p>","protected":false},"author":1,"featured_media":15612,"parent":15029,"menu_order":0,"comment_status":"closed","ping_status":"closed","template":"","meta":{"_monsterinsights_skip_tracking":false,"_monsterinsights_sitenote_active":false,"_monsterinsights_sitenote_note":"","_monsterinsights_sitenote_category":0,"footnotes":""},"class_list":["post-15037","page","type-page","status-publish","has-post-thumbnail","hentry"],"acf":[],"aioseo_notices":[],"_links":{"self":[{"href":"https:\/\/va.simair.pl\/en\/wp-json\/wp\/v2\/pages\/15037","targetHints":{"allow":["GET"]}}],"collection":[{"href":"https:\/\/va.simair.pl\/en\/wp-json\/wp\/v2\/pages"}],"about":[{"href":"https:\/\/va.simair.pl\/en\/wp-json\/wp\/v2\/types\/page"}],"author":[{"embeddable":true,"href":"https:\/\/va.simair.pl\/en\/wp-json\/wp\/v2\/users\/1"}],"replies":[{"embeddable":true,"href":"https:\/\/va.simair.pl\/en\/wp-json\/wp\/v2\/comments?post=15037"}],"version-history":[{"count":131,"href":"https:\/\/va.simair.pl\/en\/wp-json\/wp\/v2\/pages\/15037\/revisions"}],"predecessor-version":[{"id":15864,"href":"https:\/\/va.simair.pl\/en\/wp-json\/wp\/v2\/pages\/15037\/revisions\/15864"}],"up":[{"embeddable":true,"href":"https:\/\/va.simair.pl\/en\/wp-json\/wp\/v2\/pages\/15029"}],"wp:featuredmedia":[{"embeddable":true,"href":"https:\/\/va.simair.pl\/en\/wp-json\/wp\/v2\/media\/15612"}],"wp:attachment":[{"href":"https:\/\/va.simair.pl\/en\/wp-json\/wp\/v2\/media?parent=15037"}],"curies":[{"name":"wp","href":"https:\/\/api.w.org\/{rel}","templated":true}]}}